{"id":279,"date":"2026-04-11T10:38:52","date_gmt":"2026-04-11T10:38:52","guid":{"rendered":"https:\/\/9.nejcsilak.lab1.almamater.si\/?post_type=product&#038;p=279"},"modified":"2026-04-11T10:47:22","modified_gmt":"2026-04-11T10:47:22","slug":"voznja-po-reki-seni","status":"publish","type":"product","link":"https:\/\/9.nejcsilak.lab1.almamater.si\/index.php\/product\/voznja-po-reki-seni\/","title":{"rendered":"Vo\u017enja po reki Seni"},"content":{"rendered":"<p data-start=\"269\" data-end=\"515\"><a href=\"https:\/\/9.nejcsilak.lab1.almamater.si\/index.php\/evropa\/\">Vo\u017enja po reki Seni<\/a> izlet je ena najbolj romanti\u010dnih in priljubljenih aktivnosti za obiskovalce Pariza. Med vo\u017enjo z ladjico po reki Seni lahko ob\u010dudujete \u0161tevilne znamenitosti mesta in u\u017eivate v \u010dudovitem razgledu na zgodovinsko arhitekturo.<\/p>\n<p data-start=\"517\" data-end=\"710\">Med izletom lahko obiskovalci vidijo znane znamenitosti, kot so Eifflov stolp, katedrala Notre-Dame, muzej Louvre in \u0161tevilni mostovi, ki povezujejo razli\u010dne dele mesta.<\/p>\n<p data-start=\"712\" data-end=\"947\">Vo\u017enja po reki Seni izlet ponuja spro\u0161\u010dujo\u010de do\u017eivetje, kjer lahko obiskovalci spoznajo zgodovino Pariza in u\u017eivajo v panoramskem pogledu na mesto. Ta izlet je \u0161e posebej priljubljen ob ve\u010dernem \u010dasu, ko so znamenitosti osvetljene.<\/p>\n<p data-start=\"2358\" data-end=\"2476\">Vo\u017enja po reki Seni omogo\u010da \u010dudovit pogled na zgodovinske mostove, znamenite muzeje in osvetljene znamenitosti Pariza.<\/p>\n<p><img loading=\"lazy\" decoding=\"async\" src=\"https:\/\/9.nejcsilak.lab1.almamater.si\/wp-content\/uploads\/2026\/04\/leosbras-paris-2950644-300x194.jpg\" alt=\"Vo\u017enja po reki Seni izlet Pariz\" width=\"300\" height=\"194\" class=\"size-medium wp-image-196\" srcset=\"https:\/\/9.nejcsilak.lab1.almamater.si\/wp-content\/uploads\/2026\/04\/leosbras-paris-2950644-300x194.jpg 300w, https:\/\/9.nejcsilak.lab1.almamater.si\/wp-content\/uploads\/2026\/04\/leosbras-paris-2950644-1024x662.jpg 1024w, https:\/\/9.nejcsilak.lab1.almamater.si\/wp-content\/uploads\/2026\/04\/leosbras-paris-2950644-768x497.jpg 768w, https:\/\/9.nejcsilak.lab1.almamater.si\/wp-content\/uploads\/2026\/04\/leosbras-paris-2950644-1536x993.jpg 1536w, https:\/\/9.nejcsilak.lab1.almamater.si\/wp-content\/uploads\/2026\/04\/leosbras-paris-2950644-2048x1325.jpg 2048w, https:\/\/9.nejcsilak.lab1.almamater.si\/wp-content\/uploads\/2026\/04\/leosbras-paris-2950644-600x388.jpg 600w\" sizes=\"auto, (max-width: 300px) 100vw, 300px\" \/><\/p>\n<hr data-start=\"949\" data-end=\"952\" \/>\n","protected":false},"excerpt":{"rendered":"<p><span>Ena najbolj romanti\u010dnih izku\u0161enj v Parizu je vo\u017enja z ladjico po reki Seni. Med vo\u017enjo lahko opazujete znamenitosti, kot so Eifflov stolp, Notre-Dame in \u0161tevilni mostovi.<\/span><\/p>\n","protected":false},"featured_media":196,"comment_status":"open","ping_status":"closed","template":"","meta":{"_themeisle_gutenberg_block_has_review":false},"product_brand":[],"product_cat":[18,31],"product_tag":[],"class_list":{"0":"post-279","1":"product","2":"type-product","3":"status-publish","4":"has-post-thumbnail","6":"product_cat-europa","7":"product_cat-pariz","9":"first","10":"instock","11":"sale","12":"shipping-taxable","13":"purchasable","14":"product-type-variable"},"yoast_head":"<!-- This site is optimized with the Yoast SEO plugin v27.6 - https:\/\/yoast.com\/product\/yoast-seo-wordpress\/ -->\n<title>Vo\u017enja po reki Seni izlet \u2013 ogled znamenitosti Pariza<\/title>\n<meta name=\"description\" content=\"Vo\u017enja po reki Seni izlet omogo\u010da \u010dudovit razgled na znamenitosti Pariza, kot so Eifflov stolp, Notre-Dame in muzej Louvre.\" \/>\n<meta name=\"robots\" content=\"index, follow, max-snippet:-1, max-image-preview:large, max-video-preview:-1\" \/>\n<link rel=\"canonical\" href=\"https:\/\/9.nejcsilak.lab1.almamater.si\/index.php\/product\/voznja-po-reki-seni\/\" \/>\n<meta property=\"og:locale\" content=\"en_US\" \/>\n<meta property=\"og:type\" content=\"article\" \/>\n<meta property=\"og:title\" content=\"Vo\u017enja po reki Seni izlet \u2013 ogled znamenitosti Pariza\" \/>\n<meta property=\"og:description\" content=\"Vo\u017enja po reki Seni izlet omogo\u010da \u010dudovit razgled na znamenitosti Pariza, kot so Eifflov stolp, Notre-Dame in muzej Louvre.\" \/>\n<meta property=\"og:url\" content=\"https:\/\/9.nejcsilak.lab1.almamater.si\/index.php\/product\/voznja-po-reki-seni\/\" \/>\n<meta property=\"og:site_name\" content=\"student 9\" \/>\n<meta property=\"article:modified_time\" content=\"2026-04-11T10:47:22+00:00\" \/>\n<meta property=\"og:image\" content=\"https:\/\/9.nejcsilak.lab1.almamater.si\/wp-content\/uploads\/2026\/04\/leosbras-paris-2950644.jpg\" \/>\n\t<meta property=\"og:image:width\" content=\"2180\" \/>\n\t<meta property=\"og:image:height\" content=\"1410\" \/>\n\t<meta property=\"og:image:type\" content=\"image\/jpeg\" \/>\n<meta name=\"twitter:card\" content=\"summary_large_image\" \/>\n<meta name=\"twitter:label1\" content=\"Est. reading time\" \/>\n\t<meta name=\"twitter:data1\" content=\"1 minute\" \/>\n<script type=\"application\/ld+json\" class=\"yoast-schema-graph\">{\"@context\":\"https:\\\/\\\/schema.org\",\"@graph\":[{\"@type\":\"WebPage\",\"@id\":\"https:\\\/\\\/9.nejcsilak.lab1.almamater.si\\\/index.php\\\/product\\\/voznja-po-reki-seni\\\/\",\"url\":\"https:\\\/\\\/9.nejcsilak.lab1.almamater.si\\\/index.php\\\/product\\\/voznja-po-reki-seni\\\/\",\"name\":\"Vo\u017enja po reki Seni izlet \u2013 ogled znamenitosti Pariza\",\"isPartOf\":{\"@id\":\"https:\\\/\\\/9.nejcsilak.lab1.almamater.si\\\/#website\"},\"primaryImageOfPage\":{\"@id\":\"https:\\\/\\\/9.nejcsilak.lab1.almamater.si\\\/index.php\\\/product\\\/voznja-po-reki-seni\\\/#primaryimage\"},\"image\":{\"@id\":\"https:\\\/\\\/9.nejcsilak.lab1.almamater.si\\\/index.php\\\/product\\\/voznja-po-reki-seni\\\/#primaryimage\"},\"thumbnailUrl\":\"https:\\\/\\\/9.nejcsilak.lab1.almamater.si\\\/wp-content\\\/uploads\\\/2026\\\/04\\\/leosbras-paris-2950644.jpg\",\"datePublished\":\"2026-04-11T10:38:52+00:00\",\"dateModified\":\"2026-04-11T10:47:22+00:00\",\"description\":\"Vo\u017enja po reki Seni izlet omogo\u010da \u010dudovit razgled na znamenitosti Pariza, kot so Eifflov stolp, Notre-Dame in muzej Louvre.\",\"breadcrumb\":{\"@id\":\"https:\\\/\\\/9.nejcsilak.lab1.almamater.si\\\/index.php\\\/product\\\/voznja-po-reki-seni\\\/#breadcrumb\"},\"inLanguage\":\"en-US\",\"potentialAction\":[{\"@type\":\"ReadAction\",\"target\":[\"https:\\\/\\\/9.nejcsilak.lab1.almamater.si\\\/index.php\\\/product\\\/voznja-po-reki-seni\\\/\"]}]},{\"@type\":\"ImageObject\",\"inLanguage\":\"en-US\",\"@id\":\"https:\\\/\\\/9.nejcsilak.lab1.almamater.si\\\/index.php\\\/product\\\/voznja-po-reki-seni\\\/#primaryimage\",\"url\":\"https:\\\/\\\/9.nejcsilak.lab1.almamater.si\\\/wp-content\\\/uploads\\\/2026\\\/04\\\/leosbras-paris-2950644.jpg\",\"contentUrl\":\"https:\\\/\\\/9.nejcsilak.lab1.almamater.si\\\/wp-content\\\/uploads\\\/2026\\\/04\\\/leosbras-paris-2950644.jpg\",\"width\":2180,\"height\":1410,\"caption\":\"Vo\u017enja po reki Seni\"},{\"@type\":\"BreadcrumbList\",\"@id\":\"https:\\\/\\\/9.nejcsilak.lab1.almamater.si\\\/index.php\\\/product\\\/voznja-po-reki-seni\\\/#breadcrumb\",\"itemListElement\":[{\"@type\":\"ListItem\",\"position\":1,\"name\":\"Home\",\"item\":\"https:\\\/\\\/9.nejcsilak.lab1.almamater.si\\\/\"},{\"@type\":\"ListItem\",\"position\":2,\"name\":\"Shop\",\"item\":\"https:\\\/\\\/9.nejcsilak.lab1.almamater.si\\\/index.php\\\/shop\\\/\"},{\"@type\":\"ListItem\",\"position\":3,\"name\":\"Vo\u017enja po reki Seni\"}]},{\"@type\":\"WebSite\",\"@id\":\"https:\\\/\\\/9.nejcsilak.lab1.almamater.si\\\/#website\",\"url\":\"https:\\\/\\\/9.nejcsilak.lab1.almamater.si\\\/\",\"name\":\"Student 9\",\"description\":\"\",\"publisher\":{\"@id\":\"https:\\\/\\\/9.nejcsilak.lab1.almamater.si\\\/#organization\"},\"potentialAction\":[{\"@type\":\"SearchAction\",\"target\":{\"@type\":\"EntryPoint\",\"urlTemplate\":\"https:\\\/\\\/9.nejcsilak.lab1.almamater.si\\\/?s={search_term_string}\"},\"query-input\":{\"@type\":\"PropertyValueSpecification\",\"valueRequired\":true,\"valueName\":\"search_term_string\"}}],\"inLanguage\":\"en-US\"},{\"@type\":\"Organization\",\"@id\":\"https:\\\/\\\/9.nejcsilak.lab1.almamater.si\\\/#organization\",\"name\":\"Student 9\",\"url\":\"https:\\\/\\\/9.nejcsilak.lab1.almamater.si\\\/\",\"logo\":{\"@type\":\"ImageObject\",\"inLanguage\":\"en-US\",\"@id\":\"https:\\\/\\\/9.nejcsilak.lab1.almamater.si\\\/#\\\/schema\\\/logo\\\/image\\\/\",\"url\":\"https:\\\/\\\/9.nejcsilak.lab1.almamater.si\\\/wp-content\\\/uploads\\\/2026\\\/04\\\/cropped-Logotip-letalskega-prevoza.png\",\"contentUrl\":\"https:\\\/\\\/9.nejcsilak.lab1.almamater.si\\\/wp-content\\\/uploads\\\/2026\\\/04\\\/cropped-Logotip-letalskega-prevoza.png\",\"width\":542,\"height\":375,\"caption\":\"Student 9\"},\"image\":{\"@id\":\"https:\\\/\\\/9.nejcsilak.lab1.almamater.si\\\/#\\\/schema\\\/logo\\\/image\\\/\"}}]}<\/script>\n<!-- \/ Yoast SEO plugin. -->","yoast_head_json":{"title":"Vo\u017enja po reki Seni izlet \u2013 ogled znamenitosti Pariza","description":"Vo\u017enja po reki Seni izlet omogo\u010da \u010dudovit razgled na znamenitosti Pariza, kot so Eifflov stolp, Notre-Dame in muzej Louvre.","robots":{"index":"index","follow":"follow","max-snippet":"max-snippet:-1","max-image-preview":"max-image-preview:large","max-video-preview":"max-video-preview:-1"},"canonical":"https:\/\/9.nejcsilak.lab1.almamater.si\/index.php\/product\/voznja-po-reki-seni\/","og_locale":"en_US","og_type":"article","og_title":"Vo\u017enja po reki Seni izlet \u2013 ogled znamenitosti Pariza","og_description":"Vo\u017enja po reki Seni izlet omogo\u010da \u010dudovit razgled na znamenitosti Pariza, kot so Eifflov stolp, Notre-Dame in muzej Louvre.","og_url":"https:\/\/9.nejcsilak.lab1.almamater.si\/index.php\/product\/voznja-po-reki-seni\/","og_site_name":"student 9","article_modified_time":"2026-04-11T10:47:22+00:00","og_image":[{"width":2180,"height":1410,"url":"https:\/\/9.nejcsilak.lab1.almamater.si\/wp-content\/uploads\/2026\/04\/leosbras-paris-2950644.jpg","type":"image\/jpeg"}],"twitter_card":"summary_large_image","twitter_misc":{"Est. reading time":"1 minute"},"schema":{"@context":"https:\/\/schema.org","@graph":[{"@type":"WebPage","@id":"https:\/\/9.nejcsilak.lab1.almamater.si\/index.php\/product\/voznja-po-reki-seni\/","url":"https:\/\/9.nejcsilak.lab1.almamater.si\/index.php\/product\/voznja-po-reki-seni\/","name":"Vo\u017enja po reki Seni izlet \u2013 ogled znamenitosti Pariza","isPartOf":{"@id":"https:\/\/9.nejcsilak.lab1.almamater.si\/#website"},"primaryImageOfPage":{"@id":"https:\/\/9.nejcsilak.lab1.almamater.si\/index.php\/product\/voznja-po-reki-seni\/#primaryimage"},"image":{"@id":"https:\/\/9.nejcsilak.lab1.almamater.si\/index.php\/product\/voznja-po-reki-seni\/#primaryimage"},"thumbnailUrl":"https:\/\/9.nejcsilak.lab1.almamater.si\/wp-content\/uploads\/2026\/04\/leosbras-paris-2950644.jpg","datePublished":"2026-04-11T10:38:52+00:00","dateModified":"2026-04-11T10:47:22+00:00","description":"Vo\u017enja po reki Seni izlet omogo\u010da \u010dudovit razgled na znamenitosti Pariza, kot so Eifflov stolp, Notre-Dame in muzej Louvre.","breadcrumb":{"@id":"https:\/\/9.nejcsilak.lab1.almamater.si\/index.php\/product\/voznja-po-reki-seni\/#breadcrumb"},"inLanguage":"en-US","potentialAction":[{"@type":"ReadAction","target":["https:\/\/9.nejcsilak.lab1.almamater.si\/index.php\/product\/voznja-po-reki-seni\/"]}]},{"@type":"ImageObject","inLanguage":"en-US","@id":"https:\/\/9.nejcsilak.lab1.almamater.si\/index.php\/product\/voznja-po-reki-seni\/#primaryimage","url":"https:\/\/9.nejcsilak.lab1.almamater.si\/wp-content\/uploads\/2026\/04\/leosbras-paris-2950644.jpg","contentUrl":"https:\/\/9.nejcsilak.lab1.almamater.si\/wp-content\/uploads\/2026\/04\/leosbras-paris-2950644.jpg","width":2180,"height":1410,"caption":"Vo\u017enja po reki Seni"},{"@type":"BreadcrumbList","@id":"https:\/\/9.nejcsilak.lab1.almamater.si\/index.php\/product\/voznja-po-reki-seni\/#breadcrumb","itemListElement":[{"@type":"ListItem","position":1,"name":"Home","item":"https:\/\/9.nejcsilak.lab1.almamater.si\/"},{"@type":"ListItem","position":2,"name":"Shop","item":"https:\/\/9.nejcsilak.lab1.almamater.si\/index.php\/shop\/"},{"@type":"ListItem","position":3,"name":"Vo\u017enja po reki Seni"}]},{"@type":"WebSite","@id":"https:\/\/9.nejcsilak.lab1.almamater.si\/#website","url":"https:\/\/9.nejcsilak.lab1.almamater.si\/","name":"Student 9","description":"","publisher":{"@id":"https:\/\/9.nejcsilak.lab1.almamater.si\/#organization"},"potentialAction":[{"@type":"SearchAction","target":{"@type":"EntryPoint","urlTemplate":"https:\/\/9.nejcsilak.lab1.almamater.si\/?s={search_term_string}"},"query-input":{"@type":"PropertyValueSpecification","valueRequired":true,"valueName":"search_term_string"}}],"inLanguage":"en-US"},{"@type":"Organization","@id":"https:\/\/9.nejcsilak.lab1.almamater.si\/#organization","name":"Student 9","url":"https:\/\/9.nejcsilak.lab1.almamater.si\/","logo":{"@type":"ImageObject","inLanguage":"en-US","@id":"https:\/\/9.nejcsilak.lab1.almamater.si\/#\/schema\/logo\/image\/","url":"https:\/\/9.nejcsilak.lab1.almamater.si\/wp-content\/uploads\/2026\/04\/cropped-Logotip-letalskega-prevoza.png","contentUrl":"https:\/\/9.nejcsilak.lab1.almamater.si\/wp-content\/uploads\/2026\/04\/cropped-Logotip-letalskega-prevoza.png","width":542,"height":375,"caption":"Student 9"},"image":{"@id":"https:\/\/9.nejcsilak.lab1.almamater.si\/#\/schema\/logo\/image\/"}}]}},"_links":{"self":[{"href":"https:\/\/9.nejcsilak.lab1.almamater.si\/index.php\/wp-json\/wp\/v2\/product\/279","targetHints":{"allow":["GET"]}}],"collection":[{"href":"https:\/\/9.nejcsilak.lab1.almamater.si\/index.php\/wp-json\/wp\/v2\/product"}],"about":[{"href":"https:\/\/9.nejcsilak.lab1.almamater.si\/index.php\/wp-json\/wp\/v2\/types\/product"}],"replies":[{"embeddable":true,"href":"https:\/\/9.nejcsilak.lab1.almamater.si\/index.php\/wp-json\/wp\/v2\/comments?post=279"}],"wp:featuredmedia":[{"embeddable":true,"href":"https:\/\/9.nejcsilak.lab1.almamater.si\/index.php\/wp-json\/wp\/v2\/media\/196"}],"wp:attachment":[{"href":"https:\/\/9.nejcsilak.lab1.almamater.si\/index.php\/wp-json\/wp\/v2\/media?parent=279"}],"wp:term":[{"taxonomy":"product_brand","embeddable":true,"href":"https:\/\/9.nejcsilak.lab1.almamater.si\/index.php\/wp-json\/wp\/v2\/product_brand?post=279"},{"taxonomy":"product_cat","embeddable":true,"href":"https:\/\/9.nejcsilak.lab1.almamater.si\/index.php\/wp-json\/wp\/v2\/product_cat?post=279"},{"taxonomy":"product_tag","embeddable":true,"href":"https:\/\/9.nejcsilak.lab1.almamater.si\/index.php\/wp-json\/wp\/v2\/product_tag?post=279"}],"curies":[{"name":"wp","href":"https:\/\/api.w.org\/{rel}","templated":true}]}}